{"id":1965,"date":"2025-06-09T20:59:31","date_gmt":"2025-06-09T17:59:31","guid":{"rendered":"https:\/\/forceline.co\/?post_type=product&#038;p=1965"},"modified":"2025-07-12T18:08:51","modified_gmt":"2025-07-12T15:08:51","slug":"g-klasse-ersatzrad-abdeckplatte-hinten","status":"publish","type":"product","link":"https:\/\/forceline.co\/de\/product\/g-class-rear-spare-wheel-cover-plate\/","title":{"rendered":"G-Klasse Ersatzrad-Abdeckplatte hinten"},"content":{"rendered":"","protected":false},"excerpt":{"rendered":"<p>Mercedes G-Klasse W463A\/W464 Carbon-Abdeckplatte f\u00fcr das hintere Reserverad - Hochwertiger Carbon-Akzent, der den hinteren Reserveradbereich veredelt, passend f\u00fcr alle modernen G-Klasse Modelle, einschlie\u00dflich AMG und Brabus.<\/p>","protected":false},"featured_media":1974,"comment_status":"open","ping_status":"closed","template":"","meta":{"_acf_changed":false},"product_brand":[60,29],"product_cat":[100],"product_tag":[],"class_list":{"0":"post-1965","1":"product","2":"type-product","3":"status-publish","4":"has-post-thumbnail","6":"product_brand-mercedes-benz-g-class","7":"product_brand-mercedes-benz","8":"product_cat-rear-spare-wheel-cover-plate","9":"pa_product-finish-glossy","10":"pa_product-finish-matte","12":"first","13":"instock","14":"taxable","15":"shipping-taxable","16":"purchasable","17":"product-type-variable","18":"has-default-attributes"},"acf":[],"_links":{"self":[{"href":"https:\/\/forceline.co\/de\/wp-json\/wp\/v2\/product\/1965","targetHints":{"allow":["GET"]}}],"collection":[{"href":"https:\/\/forceline.co\/de\/wp-json\/wp\/v2\/product"}],"about":[{"href":"https:\/\/forceline.co\/de\/wp-json\/wp\/v2\/types\/product"}],"replies":[{"embeddable":true,"href":"https:\/\/forceline.co\/de\/wp-json\/wp\/v2\/comments?post=1965"}],"wp:featuredmedia":[{"embeddable":true,"href":"https:\/\/forceline.co\/de\/wp-json\/wp\/v2\/media\/1974"}],"wp:attachment":[{"href":"https:\/\/forceline.co\/de\/wp-json\/wp\/v2\/media?parent=1965"}],"wp:term":[{"taxonomy":"product_brand","embeddable":true,"href":"https:\/\/forceline.co\/de\/wp-json\/wp\/v2\/product_brand?post=1965"},{"taxonomy":"product_cat","embeddable":true,"href":"https:\/\/forceline.co\/de\/wp-json\/wp\/v2\/product_cat?post=1965"},{"taxonomy":"product_tag","embeddable":true,"href":"https:\/\/forceline.co\/de\/wp-json\/wp\/v2\/product_tag?post=1965"}],"curies":[{"name":"wp","href":"https:\/\/api.w.org\/{rel}","templated":true}]}}