{"id":1756,"date":"2025-05-30T21:16:52","date_gmt":"2025-05-30T18:16:52","guid":{"rendered":"https:\/\/forceline.co\/?post_type=product&#038;p=1756"},"modified":"2025-07-12T18:11:06","modified_gmt":"2025-07-12T15:11:06","slug":"w140-brabus-stosstange-vorne","status":"publish","type":"product","link":"https:\/\/forceline.co\/de\/product\/w140-brabus-front-bumper\/","title":{"rendered":"W140 Brabus Lang\/Limousine Frontsto\u00dfstange"},"content":{"rendered":"","protected":false},"excerpt":{"rendered":"<p>Mercedes-Benz W140 Brabus Frontsto\u00dfstange - Verwandeln Sie den Look Ihrer Limousine mit diesem k\u00fchnen, hochwertigen Upgrade, das f\u00fcr Brabus Long und Sedan Modelle entwickelt wurde.<\/p>","protected":false},"featured_media":1758,"comment_status":"open","ping_status":"closed","template":"","meta":{"_acf_changed":false},"product_brand":[61,29],"product_cat":[86],"product_tag":[],"class_list":{"0":"post-1756","1":"product","2":"type-product","3":"status-publish","4":"has-post-thumbnail","6":"product_brand-mercedes-benz-w140","7":"product_brand-mercedes-benz","8":"product_cat-front-bumper","9":"pa_product-finish-glossy","10":"pa_product-finish-matte","12":"first","13":"instock","14":"taxable","15":"shipping-taxable","16":"purchasable","17":"product-type-variable","18":"has-default-attributes"},"acf":[],"_links":{"self":[{"href":"https:\/\/forceline.co\/de\/wp-json\/wp\/v2\/product\/1756","targetHints":{"allow":["GET"]}}],"collection":[{"href":"https:\/\/forceline.co\/de\/wp-json\/wp\/v2\/product"}],"about":[{"href":"https:\/\/forceline.co\/de\/wp-json\/wp\/v2\/types\/product"}],"replies":[{"embeddable":true,"href":"https:\/\/forceline.co\/de\/wp-json\/wp\/v2\/comments?post=1756"}],"wp:featuredmedia":[{"embeddable":true,"href":"https:\/\/forceline.co\/de\/wp-json\/wp\/v2\/media\/1758"}],"wp:attachment":[{"href":"https:\/\/forceline.co\/de\/wp-json\/wp\/v2\/media?parent=1756"}],"wp:term":[{"taxonomy":"product_brand","embeddable":true,"href":"https:\/\/forceline.co\/de\/wp-json\/wp\/v2\/product_brand?post=1756"},{"taxonomy":"product_cat","embeddable":true,"href":"https:\/\/forceline.co\/de\/wp-json\/wp\/v2\/product_cat?post=1756"},{"taxonomy":"product_tag","embeddable":true,"href":"https:\/\/forceline.co\/de\/wp-json\/wp\/v2\/product_tag?post=1756"}],"curies":[{"name":"wp","href":"https:\/\/api.w.org\/{rel}","templated":true}]}}