{"id":1602,"date":"2025-05-29T07:55:41","date_gmt":"2025-05-29T04:55:41","guid":{"rendered":"https:\/\/forceline.co\/product\/991-1-front-bonnet-2\/"},"modified":"2026-04-17T14:50:42","modified_gmt":"2026-04-17T11:50:42","slug":"991-motorhaube","status":"publish","type":"product","link":"https:\/\/forceline.co\/de\/product\/991-front-bonnet\/","title":{"rendered":"991.1 Motorhaube vorne"},"content":{"rendered":"","protected":false},"excerpt":{"rendered":"<p>Forceline Kohlefaser-Motorhaube f\u00fcr Porsche 991. Ma\u00dfgeschneiderte europ\u00e4ische Handwerkskunst f\u00fcr deutliche Gewichtsreduzierung und Rennsport-Styling.<\/p>","protected":false},"featured_media":1798,"comment_status":"open","ping_status":"closed","template":"","meta":{"_acf_changed":false},"product_brand":[68,21],"product_cat":[74],"product_tag":[],"class_list":{"0":"post-1602","1":"product","2":"type-product","3":"status-publish","4":"has-post-thumbnail","6":"product_brand-porsche-991","7":"product_brand-porsche","8":"product_cat-front-bonnet","9":"pa_product-finish-glossy","10":"pa_product-finish-matte","12":"first","13":"instock","14":"taxable","15":"shipping-taxable","16":"purchasable","17":"product-type-variable","18":"has-default-attributes"},"acf":[],"_links":{"self":[{"href":"https:\/\/forceline.co\/de\/wp-json\/wp\/v2\/product\/1602","targetHints":{"allow":["GET"]}}],"collection":[{"href":"https:\/\/forceline.co\/de\/wp-json\/wp\/v2\/product"}],"about":[{"href":"https:\/\/forceline.co\/de\/wp-json\/wp\/v2\/types\/product"}],"replies":[{"embeddable":true,"href":"https:\/\/forceline.co\/de\/wp-json\/wp\/v2\/comments?post=1602"}],"wp:featuredmedia":[{"embeddable":true,"href":"https:\/\/forceline.co\/de\/wp-json\/wp\/v2\/media\/1798"}],"wp:attachment":[{"href":"https:\/\/forceline.co\/de\/wp-json\/wp\/v2\/media?parent=1602"}],"wp:term":[{"taxonomy":"product_brand","embeddable":true,"href":"https:\/\/forceline.co\/de\/wp-json\/wp\/v2\/product_brand?post=1602"},{"taxonomy":"product_cat","embeddable":true,"href":"https:\/\/forceline.co\/de\/wp-json\/wp\/v2\/product_cat?post=1602"},{"taxonomy":"product_tag","embeddable":true,"href":"https:\/\/forceline.co\/de\/wp-json\/wp\/v2\/product_tag?post=1602"}],"curies":[{"name":"wp","href":"https:\/\/api.w.org\/{rel}","templated":true}]}}