{"id":1597,"date":"2025-05-29T07:55:40","date_gmt":"2025-05-29T04:55:40","guid":{"rendered":"https:\/\/forceline.co\/product\/w140-front-bumper-brabus\/"},"modified":"2026-04-17T10:57:58","modified_gmt":"2026-04-17T07:57:58","slug":"w140-frontstosstange","status":"publish","type":"product","link":"https:\/\/forceline.co\/de\/product\/w140-front-bumper\/","title":{"rendered":"W140 AMG Lang\/Limousine Frontsto\u00dfstange"},"content":{"rendered":"","protected":false},"excerpt":{"rendered":"<p>Mercedes-Benz W140 AMG Long &amp; Sedan Frontsto\u00dfstange - K\u00fchnes, klassisches AMG-Styling f\u00fcr die AMG Long und Sedan Modelle von 1991-1995, das f\u00fcr eine aggressive Frontver\u00e4nderung sorgt.<\/p>","protected":false},"featured_media":1726,"comment_status":"open","ping_status":"closed","template":"","meta":{"_acf_changed":false},"product_brand":[29,61],"product_cat":[86],"product_tag":[],"class_list":{"0":"post-1597","1":"product","2":"type-product","3":"status-publish","4":"has-post-thumbnail","6":"product_brand-mercedes-benz","7":"product_brand-mercedes-benz-w140","8":"product_cat-front-bumper","9":"pa_product-finish-gfk-black-fiberglass","10":"pa_product-finish-carbon-fiber","11":"pa_product-finish-glossy","12":"pa_product-finish-matte","14":"first","15":"instock","16":"taxable","17":"shipping-taxable","18":"purchasable","19":"product-type-variable","20":"has-default-attributes"},"acf":[],"_links":{"self":[{"href":"https:\/\/forceline.co\/de\/wp-json\/wp\/v2\/product\/1597","targetHints":{"allow":["GET"]}}],"collection":[{"href":"https:\/\/forceline.co\/de\/wp-json\/wp\/v2\/product"}],"about":[{"href":"https:\/\/forceline.co\/de\/wp-json\/wp\/v2\/types\/product"}],"replies":[{"embeddable":true,"href":"https:\/\/forceline.co\/de\/wp-json\/wp\/v2\/comments?post=1597"}],"wp:featuredmedia":[{"embeddable":true,"href":"https:\/\/forceline.co\/de\/wp-json\/wp\/v2\/media\/1726"}],"wp:attachment":[{"href":"https:\/\/forceline.co\/de\/wp-json\/wp\/v2\/media?parent=1597"}],"wp:term":[{"taxonomy":"product_brand","embeddable":true,"href":"https:\/\/forceline.co\/de\/wp-json\/wp\/v2\/product_brand?post=1597"},{"taxonomy":"product_cat","embeddable":true,"href":"https:\/\/forceline.co\/de\/wp-json\/wp\/v2\/product_cat?post=1597"},{"taxonomy":"product_tag","embeddable":true,"href":"https:\/\/forceline.co\/de\/wp-json\/wp\/v2\/product_tag?post=1597"}],"curies":[{"name":"wp","href":"https:\/\/api.w.org\/{rel}","templated":true}]}}