{"id":1595,"date":"2025-05-29T07:55:40","date_gmt":"2025-05-29T04:55:40","guid":{"rendered":"https:\/\/forceline.co\/product\/w140-side-sills-amg-long\/"},"modified":"2026-04-17T10:54:45","modified_gmt":"2026-04-17T07:54:45","slug":"w140-amg-lange-seitenschweller","status":"publish","type":"product","link":"https:\/\/forceline.co\/de\/product\/w140-amg-long-side-sills\/","title":{"rendered":"W140 AMG Lange Seitenschweller"},"content":{"rendered":"","protected":false},"excerpt":{"rendered":"<p>Mercedes-Benz W140 AMG Long Side Sills - Premium-Seitenprofil-Upgrade f\u00fcr die AMG Long-Modelle von 1991-1998, das f\u00fcr einen k\u00fchnen und raffinierten AMG-Look sorgt.<\/p>","protected":false},"featured_media":1739,"comment_status":"open","ping_status":"closed","template":"","meta":{"_acf_changed":false},"product_brand":[29,61],"product_cat":[87],"product_tag":[],"class_list":{"0":"post-1595","1":"product","2":"type-product","3":"status-publish","4":"has-post-thumbnail","6":"product_brand-mercedes-benz","7":"product_brand-mercedes-benz-w140","8":"product_cat-side-sills","9":"pa_product-finish-gfk-black-fiberglass","10":"pa_product-finish-carbon-fiber","11":"pa_product-finish-glossy","12":"pa_product-finish-matte","14":"first","15":"instock","16":"taxable","17":"shipping-taxable","18":"purchasable","19":"product-type-variable","20":"has-default-attributes"},"acf":[],"_links":{"self":[{"href":"https:\/\/forceline.co\/de\/wp-json\/wp\/v2\/product\/1595","targetHints":{"allow":["GET"]}}],"collection":[{"href":"https:\/\/forceline.co\/de\/wp-json\/wp\/v2\/product"}],"about":[{"href":"https:\/\/forceline.co\/de\/wp-json\/wp\/v2\/types\/product"}],"replies":[{"embeddable":true,"href":"https:\/\/forceline.co\/de\/wp-json\/wp\/v2\/comments?post=1595"}],"wp:featuredmedia":[{"embeddable":true,"href":"https:\/\/forceline.co\/de\/wp-json\/wp\/v2\/media\/1739"}],"wp:attachment":[{"href":"https:\/\/forceline.co\/de\/wp-json\/wp\/v2\/media?parent=1595"}],"wp:term":[{"taxonomy":"product_brand","embeddable":true,"href":"https:\/\/forceline.co\/de\/wp-json\/wp\/v2\/product_brand?post=1595"},{"taxonomy":"product_cat","embeddable":true,"href":"https:\/\/forceline.co\/de\/wp-json\/wp\/v2\/product_cat?post=1595"},{"taxonomy":"product_tag","embeddable":true,"href":"https:\/\/forceline.co\/de\/wp-json\/wp\/v2\/product_tag?post=1595"}],"curies":[{"name":"wp","href":"https:\/\/api.w.org\/{rel}","templated":true}]}}