{"id":1588,"date":"2025-05-29T07:55:39","date_gmt":"2025-05-29T04:55:39","guid":{"rendered":"https:\/\/forceline.co\/product\/g-class-front-door-steps\/"},"modified":"2025-07-12T18:26:54","modified_gmt":"2025-07-12T15:26:54","slug":"turschwellerabdeckungen-der-g-klasse","status":"publish","type":"product","link":"https:\/\/forceline.co\/de\/product\/g-class-door-sill-covers\/","title":{"rendered":"G-Klasse T\u00fcrschwellerabdeckungen"},"content":{"rendered":"","protected":false},"excerpt":{"rendered":"<p>Mercedes G-Klasse W463A\/W464 Carbonfaser-T\u00fcrschwellerabdeckungen - Premium-Carbonfaser-Schutz und -Styling f\u00fcr Ihre G-Klasse-T\u00fcrschweller, passend f\u00fcr alle modernen G-Klasse-Modelle einschlie\u00dflich AMG und Brabus.<\/p>","protected":false},"featured_media":1931,"comment_status":"open","ping_status":"closed","template":"","meta":{"_acf_changed":false},"product_brand":[60,29],"product_cat":[81],"product_tag":[],"class_list":{"0":"post-1588","1":"product","2":"type-product","3":"status-publish","4":"has-post-thumbnail","6":"product_brand-mercedes-benz-g-class","7":"product_brand-mercedes-benz","8":"product_cat-door-sill-covers","9":"pa_product-finish-glossy","10":"pa_product-finish-matte","12":"first","13":"instock","14":"taxable","15":"shipping-taxable","16":"purchasable","17":"product-type-variable","18":"has-default-attributes"},"acf":[],"_links":{"self":[{"href":"https:\/\/forceline.co\/de\/wp-json\/wp\/v2\/product\/1588","targetHints":{"allow":["GET"]}}],"collection":[{"href":"https:\/\/forceline.co\/de\/wp-json\/wp\/v2\/product"}],"about":[{"href":"https:\/\/forceline.co\/de\/wp-json\/wp\/v2\/types\/product"}],"replies":[{"embeddable":true,"href":"https:\/\/forceline.co\/de\/wp-json\/wp\/v2\/comments?post=1588"}],"wp:featuredmedia":[{"embeddable":true,"href":"https:\/\/forceline.co\/de\/wp-json\/wp\/v2\/media\/1931"}],"wp:attachment":[{"href":"https:\/\/forceline.co\/de\/wp-json\/wp\/v2\/media?parent=1588"}],"wp:term":[{"taxonomy":"product_brand","embeddable":true,"href":"https:\/\/forceline.co\/de\/wp-json\/wp\/v2\/product_brand?post=1588"},{"taxonomy":"product_cat","embeddable":true,"href":"https:\/\/forceline.co\/de\/wp-json\/wp\/v2\/product_cat?post=1588"},{"taxonomy":"product_tag","embeddable":true,"href":"https:\/\/forceline.co\/de\/wp-json\/wp\/v2\/product_tag?post=1588"}],"curies":[{"name":"wp","href":"https:\/\/api.w.org\/{rel}","templated":true}]}}