{"id":1587,"date":"2025-05-29T07:55:38","date_gmt":"2025-05-29T04:55:38","guid":{"rendered":"https:\/\/forceline.co\/product\/g-class-rear-spare-wheel-holder\/"},"modified":"2025-07-12T18:28:27","modified_gmt":"2025-07-12T15:28:27","slug":"g-klasse-ersatzradhalter-hinten","status":"publish","type":"product","link":"https:\/\/forceline.co\/de\/product\/g-class-rear-spare-wheel-holder\/","title":{"rendered":"G-Klasse Ersatzradhalterung hinten"},"content":{"rendered":"","protected":false},"excerpt":{"rendered":"<p>Forceline Ersatzradhalter aus Karbonfaser f\u00fcr die G-Klasse. Ma\u00dfgeschneiderte europ\u00e4ische Handwerkskunst f\u00fcr erstklassiges Styling und funktionelles Design.<\/p>","protected":false},"featured_media":1825,"comment_status":"open","ping_status":"closed","template":"","meta":{"_acf_changed":false},"product_brand":[60,29],"product_cat":[79],"product_tag":[],"class_list":{"0":"post-1587","1":"product","2":"type-product","3":"status-publish","4":"has-post-thumbnail","6":"product_brand-mercedes-benz-g-class","7":"product_brand-mercedes-benz","8":"product_cat-rear-spare-wheel-holder","9":"pa_product-finish-glossy","10":"pa_product-finish-matte","12":"first","13":"instock","14":"taxable","15":"shipping-taxable","16":"purchasable","17":"product-type-variable","18":"has-default-attributes"},"acf":[],"_links":{"self":[{"href":"https:\/\/forceline.co\/de\/wp-json\/wp\/v2\/product\/1587","targetHints":{"allow":["GET"]}}],"collection":[{"href":"https:\/\/forceline.co\/de\/wp-json\/wp\/v2\/product"}],"about":[{"href":"https:\/\/forceline.co\/de\/wp-json\/wp\/v2\/types\/product"}],"replies":[{"embeddable":true,"href":"https:\/\/forceline.co\/de\/wp-json\/wp\/v2\/comments?post=1587"}],"wp:featuredmedia":[{"embeddable":true,"href":"https:\/\/forceline.co\/de\/wp-json\/wp\/v2\/media\/1825"}],"wp:attachment":[{"href":"https:\/\/forceline.co\/de\/wp-json\/wp\/v2\/media?parent=1587"}],"wp:term":[{"taxonomy":"product_brand","embeddable":true,"href":"https:\/\/forceline.co\/de\/wp-json\/wp\/v2\/product_brand?post=1587"},{"taxonomy":"product_cat","embeddable":true,"href":"https:\/\/forceline.co\/de\/wp-json\/wp\/v2\/product_cat?post=1587"},{"taxonomy":"product_tag","embeddable":true,"href":"https:\/\/forceline.co\/de\/wp-json\/wp\/v2\/product_tag?post=1587"}],"curies":[{"name":"wp","href":"https:\/\/api.w.org\/{rel}","templated":true}]}}