{"id":1367,"date":"2025-05-27T13:51:56","date_gmt":"2025-05-27T10:51:56","guid":{"rendered":"https:\/\/forceline.co\/product\/x5-f15-rear-bumper-side-skirts\/"},"modified":"2025-07-12T18:30:22","modified_gmt":"2025-07-12T15:30:22","slug":"x5-f15-heckstosstange-seitenschweller","status":"publish","type":"product","link":"https:\/\/forceline.co\/de\/product\/x5-f15-rear-bumper-side-skirts\/","title":{"rendered":"X5 F15 Hecksto\u00dfstange Seitenschweller"},"content":{"rendered":"","protected":false},"excerpt":{"rendered":"<p>BMW X5 F15 Carbon Hecksto\u00dfstange Seitenschweller - Aggressives Carbon-Upgrade f\u00fcr Modelle 2014-2018 mit M Performance Sto\u00dfstangen.<\/p>","protected":false},"featured_media":1829,"comment_status":"open","ping_status":"closed","template":"","meta":{"_acf_changed":false},"product_brand":[18,59],"product_cat":[76],"product_tag":[],"class_list":{"0":"post-1367","1":"product","2":"type-product","3":"status-publish","4":"has-post-thumbnail","6":"product_brand-bmw","7":"product_brand-x5-f15","8":"product_cat-rear-bumper-side-skirts","9":"pa_product-finish-glossy","10":"pa_product-finish-matte","12":"first","13":"instock","14":"taxable","15":"shipping-taxable","16":"purchasable","17":"product-type-variable","18":"has-default-attributes"},"acf":[],"_links":{"self":[{"href":"https:\/\/forceline.co\/de\/wp-json\/wp\/v2\/product\/1367","targetHints":{"allow":["GET"]}}],"collection":[{"href":"https:\/\/forceline.co\/de\/wp-json\/wp\/v2\/product"}],"about":[{"href":"https:\/\/forceline.co\/de\/wp-json\/wp\/v2\/types\/product"}],"replies":[{"embeddable":true,"href":"https:\/\/forceline.co\/de\/wp-json\/wp\/v2\/comments?post=1367"}],"wp:featuredmedia":[{"embeddable":true,"href":"https:\/\/forceline.co\/de\/wp-json\/wp\/v2\/media\/1829"}],"wp:attachment":[{"href":"https:\/\/forceline.co\/de\/wp-json\/wp\/v2\/media?parent=1367"}],"wp:term":[{"taxonomy":"product_brand","embeddable":true,"href":"https:\/\/forceline.co\/de\/wp-json\/wp\/v2\/product_brand?post=1367"},{"taxonomy":"product_cat","embeddable":true,"href":"https:\/\/forceline.co\/de\/wp-json\/wp\/v2\/product_cat?post=1367"},{"taxonomy":"product_tag","embeddable":true,"href":"https:\/\/forceline.co\/de\/wp-json\/wp\/v2\/product_tag?post=1367"}],"curies":[{"name":"wp","href":"https:\/\/api.w.org\/{rel}","templated":true}]}}