{"id":1360,"date":"2025-05-27T13:51:55","date_gmt":"2025-05-27T10:51:55","guid":{"rendered":"https:\/\/forceline.co\/product\/x5m-f95-front-fender-addon-lr\/"},"modified":"2025-07-12T18:33:09","modified_gmt":"2025-07-12T15:33:09","slug":"x5m-f95-vordere-kotflugel-anbauten-lr","status":"publish","type":"product","link":"https:\/\/forceline.co\/de\/product\/x5m-f95-front-fender-addons-lr\/","title":{"rendered":"X5M F95 Frontkotfl\u00fcgel Anbauteile L+R"},"content":{"rendered":"","protected":false},"excerpt":{"rendered":"<p data-start=\"327\" data-end=\"503\">BMW X5M F95 Carbon Fender Add-ons - ein k\u00fchner und funktionaler optischer Akzent f\u00fcr die vorderen Radk\u00e4sten.<br data-start=\"438\" data-end=\"441\" \/><strong data-start=\"441\" data-end=\"503\">Passend f\u00fcr 2020-2023 X5M F95 Modelle mit M-Kotfl\u00fcgeln vor dem Facelift.<\/strong><\/p>","protected":false},"featured_media":1511,"comment_status":"open","ping_status":"closed","template":"","meta":{"_acf_changed":false},"product_brand":[18,58],"product_cat":[75],"product_tag":[],"class_list":{"0":"post-1360","1":"product","2":"type-product","3":"status-publish","4":"has-post-thumbnail","6":"product_brand-bmw","7":"product_brand-x5m-f95","8":"product_cat-front-fender-addon","9":"pa_product-finish-glossy","10":"pa_product-finish-matte","12":"first","13":"instock","14":"taxable","15":"shipping-taxable","16":"purchasable","17":"product-type-variable","18":"has-default-attributes"},"acf":[],"_links":{"self":[{"href":"https:\/\/forceline.co\/de\/wp-json\/wp\/v2\/product\/1360","targetHints":{"allow":["GET"]}}],"collection":[{"href":"https:\/\/forceline.co\/de\/wp-json\/wp\/v2\/product"}],"about":[{"href":"https:\/\/forceline.co\/de\/wp-json\/wp\/v2\/types\/product"}],"replies":[{"embeddable":true,"href":"https:\/\/forceline.co\/de\/wp-json\/wp\/v2\/comments?post=1360"}],"wp:featuredmedia":[{"embeddable":true,"href":"https:\/\/forceline.co\/de\/wp-json\/wp\/v2\/media\/1511"}],"wp:attachment":[{"href":"https:\/\/forceline.co\/de\/wp-json\/wp\/v2\/media?parent=1360"}],"wp:term":[{"taxonomy":"product_brand","embeddable":true,"href":"https:\/\/forceline.co\/de\/wp-json\/wp\/v2\/product_brand?post=1360"},{"taxonomy":"product_cat","embeddable":true,"href":"https:\/\/forceline.co\/de\/wp-json\/wp\/v2\/product_cat?post=1360"},{"taxonomy":"product_tag","embeddable":true,"href":"https:\/\/forceline.co\/de\/wp-json\/wp\/v2\/product_tag?post=1360"}],"curies":[{"name":"wp","href":"https:\/\/api.w.org\/{rel}","templated":true}]}}