{"id":1358,"date":"2025-05-27T13:51:54","date_gmt":"2025-05-27T10:51:54","guid":{"rendered":"https:\/\/forceline.co\/product\/x5m-f95-front-bumper-addons\/"},"modified":"2025-07-12T18:37:19","modified_gmt":"2025-07-12T15:37:19","slug":"x5m-f95-front-stosstange-anbauten","status":"publish","type":"product","link":"https:\/\/forceline.co\/de\/product\/x5m-f95-front-bumper-addons\/","title":{"rendered":"X5M F95 Frontsto\u00dfstange Anbauteile"},"content":{"rendered":"","protected":false},"excerpt":{"rendered":"<p>BMW X5M F95 Carbonfaser-Sto\u00dff\u00e4nger - aggressives Styling-Upgrade, das dem unteren Sto\u00dff\u00e4nger mehr Definition verleiht.<br data-start=\"497\" data-end=\"500\" \/><strong data-start=\"500\" data-end=\"562\">Passend f\u00fcr die Modelle 2020-2023 vor dem Facelift X5M F95 mit M-Sto\u00dfstangen.<\/strong><\/p>","protected":false},"featured_media":1519,"comment_status":"open","ping_status":"closed","template":"","meta":{"_acf_changed":false},"product_brand":[18,58],"product_cat":[73],"product_tag":[],"class_list":{"0":"post-1358","1":"product","2":"type-product","3":"status-publish","4":"has-post-thumbnail","6":"product_brand-bmw","7":"product_brand-x5m-f95","8":"product_cat-front-bumper-addons","9":"pa_product-finish-glossy","10":"pa_product-finish-matte","12":"first","13":"instock","14":"taxable","15":"shipping-taxable","16":"purchasable","17":"product-type-variable","18":"has-default-attributes"},"acf":[],"_links":{"self":[{"href":"https:\/\/forceline.co\/de\/wp-json\/wp\/v2\/product\/1358","targetHints":{"allow":["GET"]}}],"collection":[{"href":"https:\/\/forceline.co\/de\/wp-json\/wp\/v2\/product"}],"about":[{"href":"https:\/\/forceline.co\/de\/wp-json\/wp\/v2\/types\/product"}],"replies":[{"embeddable":true,"href":"https:\/\/forceline.co\/de\/wp-json\/wp\/v2\/comments?post=1358"}],"wp:featuredmedia":[{"embeddable":true,"href":"https:\/\/forceline.co\/de\/wp-json\/wp\/v2\/media\/1519"}],"wp:attachment":[{"href":"https:\/\/forceline.co\/de\/wp-json\/wp\/v2\/media?parent=1358"}],"wp:term":[{"taxonomy":"product_brand","embeddable":true,"href":"https:\/\/forceline.co\/de\/wp-json\/wp\/v2\/product_brand?post=1358"},{"taxonomy":"product_cat","embeddable":true,"href":"https:\/\/forceline.co\/de\/wp-json\/wp\/v2\/product_cat?post=1358"},{"taxonomy":"product_tag","embeddable":true,"href":"https:\/\/forceline.co\/de\/wp-json\/wp\/v2\/product_tag?post=1358"}],"curies":[{"name":"wp","href":"https:\/\/api.w.org\/{rel}","templated":true}]}}