{"id":1349,"date":"2025-05-27T13:51:52","date_gmt":"2025-05-27T10:51:52","guid":{"rendered":"https:\/\/forceline.co\/product\/m3-g80-rear-bumper-side-covers\/"},"modified":"2025-07-12T18:44:31","modified_gmt":"2025-07-12T15:44:31","slug":"m3-g80-heckstosstange-seitenschweller","status":"publish","type":"product","link":"https:\/\/forceline.co\/de\/product\/m3-g80-rear-bumper-side-skirts\/","title":{"rendered":"M3 G80 Hecksto\u00dfstange Seitenschweller"},"content":{"rendered":"","protected":false},"excerpt":{"rendered":"<p>Forceline Seitenabdeckungen aus Kohlefaser f\u00fcr den hinteren Sto\u00dff\u00e4nger des BMW M3 G80. Ma\u00dfgeschneiderte europ\u00e4ische Fertigung f\u00fcr nahtlose Integration und Styling.<\/p>","protected":false},"featured_media":1677,"comment_status":"open","ping_status":"closed","template":"","meta":{"_acf_changed":false},"product_brand":[18,67],"product_cat":[76],"product_tag":[],"class_list":{"0":"post-1349","1":"product","2":"type-product","3":"status-publish","4":"has-post-thumbnail","6":"product_brand-bmw","7":"product_brand-m3-g80","8":"product_cat-rear-bumper-side-skirts","9":"pa_product-finish-glossy","10":"pa_product-finish-matte","12":"first","13":"instock","14":"taxable","15":"shipping-taxable","16":"purchasable","17":"product-type-variable","18":"has-default-attributes"},"acf":[],"_links":{"self":[{"href":"https:\/\/forceline.co\/de\/wp-json\/wp\/v2\/product\/1349","targetHints":{"allow":["GET"]}}],"collection":[{"href":"https:\/\/forceline.co\/de\/wp-json\/wp\/v2\/product"}],"about":[{"href":"https:\/\/forceline.co\/de\/wp-json\/wp\/v2\/types\/product"}],"replies":[{"embeddable":true,"href":"https:\/\/forceline.co\/de\/wp-json\/wp\/v2\/comments?post=1349"}],"wp:featuredmedia":[{"embeddable":true,"href":"https:\/\/forceline.co\/de\/wp-json\/wp\/v2\/media\/1677"}],"wp:attachment":[{"href":"https:\/\/forceline.co\/de\/wp-json\/wp\/v2\/media?parent=1349"}],"wp:term":[{"taxonomy":"product_brand","embeddable":true,"href":"https:\/\/forceline.co\/de\/wp-json\/wp\/v2\/product_brand?post=1349"},{"taxonomy":"product_cat","embeddable":true,"href":"https:\/\/forceline.co\/de\/wp-json\/wp\/v2\/product_cat?post=1349"},{"taxonomy":"product_tag","embeddable":true,"href":"https:\/\/forceline.co\/de\/wp-json\/wp\/v2\/product_tag?post=1349"}],"curies":[{"name":"wp","href":"https:\/\/api.w.org\/{rel}","templated":true}]}}