{"id":1345,"date":"2025-05-27T13:34:04","date_gmt":"2025-05-27T10:34:04","guid":{"rendered":"https:\/\/forceline.co\/?post_type=product&#038;p=1345"},"modified":"2025-07-12T18:45:47","modified_gmt":"2025-07-12T15:45:47","slug":"m3-g80-heckdiffusor","status":"publish","type":"product","link":"https:\/\/forceline.co\/de\/product\/m3-g80-rear-diffuser\/","title":{"rendered":"M3 G80 Heckdiffusor"},"content":{"rendered":"","protected":false},"excerpt":{"rendered":"<p>Forceline Heckdiffusor aus Kohlefaser f\u00fcr den BMW M3 G80. Ma\u00dfgeschneiderte europ\u00e4ische Entwicklung f\u00fcr optimalen Abtrieb und aerodynamische Leistung.<\/p>","protected":false},"featured_media":1686,"comment_status":"open","ping_status":"closed","template":"","meta":{"_acf_changed":false},"product_brand":[18,67],"product_cat":[65],"product_tag":[],"class_list":{"0":"post-1345","1":"product","2":"type-product","3":"status-publish","4":"has-post-thumbnail","6":"product_brand-bmw","7":"product_brand-m3-g80","8":"product_cat-rear-diffuser","9":"pa_product-finish-glossy","10":"pa_product-finish-matte","12":"first","13":"instock","14":"taxable","15":"shipping-taxable","16":"purchasable","17":"product-type-variable","18":"has-default-attributes"},"acf":[],"_links":{"self":[{"href":"https:\/\/forceline.co\/de\/wp-json\/wp\/v2\/product\/1345","targetHints":{"allow":["GET"]}}],"collection":[{"href":"https:\/\/forceline.co\/de\/wp-json\/wp\/v2\/product"}],"about":[{"href":"https:\/\/forceline.co\/de\/wp-json\/wp\/v2\/types\/product"}],"replies":[{"embeddable":true,"href":"https:\/\/forceline.co\/de\/wp-json\/wp\/v2\/comments?post=1345"}],"wp:featuredmedia":[{"embeddable":true,"href":"https:\/\/forceline.co\/de\/wp-json\/wp\/v2\/media\/1686"}],"wp:attachment":[{"href":"https:\/\/forceline.co\/de\/wp-json\/wp\/v2\/media?parent=1345"}],"wp:term":[{"taxonomy":"product_brand","embeddable":true,"href":"https:\/\/forceline.co\/de\/wp-json\/wp\/v2\/product_brand?post=1345"},{"taxonomy":"product_cat","embeddable":true,"href":"https:\/\/forceline.co\/de\/wp-json\/wp\/v2\/product_cat?post=1345"},{"taxonomy":"product_tag","embeddable":true,"href":"https:\/\/forceline.co\/de\/wp-json\/wp\/v2\/product_tag?post=1345"}],"curies":[{"name":"wp","href":"https:\/\/api.w.org\/{rel}","templated":true}]}}