{"id":1344,"date":"2025-05-27T13:33:21","date_gmt":"2025-05-27T10:33:21","guid":{"rendered":"https:\/\/forceline.co\/?post_type=product&#038;p=1344"},"modified":"2025-07-12T18:46:57","modified_gmt":"2025-07-12T15:46:57","slug":"m4-g82-frontgrill","status":"publish","type":"product","link":"https:\/\/forceline.co\/de\/product\/m4-g82-front-grille\/","title":{"rendered":"M4 G82 Frontgrill"},"content":{"rendered":"","protected":false},"excerpt":{"rendered":"<p>Forceline Kohlefaser-Frontgrill f\u00fcr BMW M4 G82. Ma\u00dfgeschneiderte europ\u00e4ische Handwerkskunst f\u00fcr erstklassige Qualit\u00e4t und ein von der Rennstrecke inspiriertes Design.<\/p>","protected":false},"featured_media":1578,"comment_status":"open","ping_status":"closed","template":"","meta":{"_acf_changed":false},"product_brand":[18,55],"product_cat":[64],"product_tag":[],"class_list":{"0":"post-1344","1":"product","2":"type-product","3":"status-publish","4":"has-post-thumbnail","6":"product_brand-bmw","7":"product_brand-m4-g82","8":"product_cat-front-grille","9":"pa_product-finish-glossy","10":"pa_product-finish-matte","12":"first","13":"instock","14":"taxable","15":"shipping-taxable","16":"purchasable","17":"product-type-variable","18":"has-default-attributes"},"acf":[],"_links":{"self":[{"href":"https:\/\/forceline.co\/de\/wp-json\/wp\/v2\/product\/1344","targetHints":{"allow":["GET"]}}],"collection":[{"href":"https:\/\/forceline.co\/de\/wp-json\/wp\/v2\/product"}],"about":[{"href":"https:\/\/forceline.co\/de\/wp-json\/wp\/v2\/types\/product"}],"replies":[{"embeddable":true,"href":"https:\/\/forceline.co\/de\/wp-json\/wp\/v2\/comments?post=1344"}],"wp:featuredmedia":[{"embeddable":true,"href":"https:\/\/forceline.co\/de\/wp-json\/wp\/v2\/media\/1578"}],"wp:attachment":[{"href":"https:\/\/forceline.co\/de\/wp-json\/wp\/v2\/media?parent=1344"}],"wp:term":[{"taxonomy":"product_brand","embeddable":true,"href":"https:\/\/forceline.co\/de\/wp-json\/wp\/v2\/product_brand?post=1344"},{"taxonomy":"product_cat","embeddable":true,"href":"https:\/\/forceline.co\/de\/wp-json\/wp\/v2\/product_cat?post=1344"},{"taxonomy":"product_tag","embeddable":true,"href":"https:\/\/forceline.co\/de\/wp-json\/wp\/v2\/product_tag?post=1344"}],"curies":[{"name":"wp","href":"https:\/\/api.w.org\/{rel}","templated":true}]}}