{"id":1342,"date":"2025-05-27T13:31:57","date_gmt":"2025-05-27T10:31:57","guid":{"rendered":"https:\/\/forceline.co\/?post_type=product&#038;p=1342"},"modified":"2025-07-12T18:47:15","modified_gmt":"2025-07-12T15:47:15","slug":"m3-g80-kuhlergrill","status":"publish","type":"product","link":"https:\/\/forceline.co\/de\/product\/m3-g80-front-grille\/","title":{"rendered":"M3 G80 Frontgrill"},"content":{"rendered":"","protected":false},"excerpt":{"rendered":"<p>Forceline Kohlefaser-Frontgrill f\u00fcr BMW M3 G80. Die ma\u00dfgeschneiderte europ\u00e4ische Fertigung liefert au\u00dfergew\u00f6hnliche Qualit\u00e4t und Motorsport-Styling.<\/p>","protected":false},"featured_media":1579,"comment_status":"open","ping_status":"closed","template":"","meta":{"_acf_changed":false},"product_brand":[18,67],"product_cat":[64],"product_tag":[],"class_list":{"0":"post-1342","1":"product","2":"type-product","3":"status-publish","4":"has-post-thumbnail","6":"product_brand-bmw","7":"product_brand-m3-g80","8":"product_cat-front-grille","9":"pa_product-finish-glossy","10":"pa_product-finish-matte","12":"first","13":"instock","14":"taxable","15":"shipping-taxable","16":"purchasable","17":"product-type-variable","18":"has-default-attributes"},"acf":[],"_links":{"self":[{"href":"https:\/\/forceline.co\/de\/wp-json\/wp\/v2\/product\/1342","targetHints":{"allow":["GET"]}}],"collection":[{"href":"https:\/\/forceline.co\/de\/wp-json\/wp\/v2\/product"}],"about":[{"href":"https:\/\/forceline.co\/de\/wp-json\/wp\/v2\/types\/product"}],"replies":[{"embeddable":true,"href":"https:\/\/forceline.co\/de\/wp-json\/wp\/v2\/comments?post=1342"}],"wp:featuredmedia":[{"embeddable":true,"href":"https:\/\/forceline.co\/de\/wp-json\/wp\/v2\/media\/1579"}],"wp:attachment":[{"href":"https:\/\/forceline.co\/de\/wp-json\/wp\/v2\/media?parent=1342"}],"wp:term":[{"taxonomy":"product_brand","embeddable":true,"href":"https:\/\/forceline.co\/de\/wp-json\/wp\/v2\/product_brand?post=1342"},{"taxonomy":"product_cat","embeddable":true,"href":"https:\/\/forceline.co\/de\/wp-json\/wp\/v2\/product_cat?post=1342"},{"taxonomy":"product_tag","embeddable":true,"href":"https:\/\/forceline.co\/de\/wp-json\/wp\/v2\/product_tag?post=1342"}],"curies":[{"name":"wp","href":"https:\/\/api.w.org\/{rel}","templated":true}]}}