{"id":1339,"date":"2025-05-27T13:27:22","date_gmt":"2025-05-27T10:27:22","guid":{"rendered":"https:\/\/forceline.co\/?post_type=product&#038;p=1339"},"modified":"2025-07-12T18:49:56","modified_gmt":"2025-07-12T15:49:56","slug":"m3-g80-frontsplitter","status":"publish","type":"product","link":"https:\/\/forceline.co\/de\/product\/m3-g80-front-splitter\/","title":{"rendered":"M3 G80 Frontsplitter"},"content":{"rendered":"","protected":false},"excerpt":{"rendered":"<p>Forceline Carbonfaser Frontsplitter f\u00fcr BMW M3 G80. Ma\u00dfgeschneiderte europ\u00e4ische Fertigung f\u00fcr verbesserte Aerodynamik und aggressives Styling.<\/p>","protected":false},"featured_media":1661,"comment_status":"open","ping_status":"closed","template":"","meta":{"_acf_changed":false},"product_brand":[18,67],"product_cat":[63],"product_tag":[],"class_list":{"0":"post-1339","1":"product","2":"type-product","3":"status-publish","4":"has-post-thumbnail","6":"product_brand-bmw","7":"product_brand-m3-g80","8":"product_cat-front-splitter","9":"pa_product-finish-glossy","10":"pa_product-finish-matte","12":"first","13":"instock","14":"taxable","15":"shipping-taxable","16":"purchasable","17":"product-type-variable","18":"has-default-attributes"},"acf":[],"_links":{"self":[{"href":"https:\/\/forceline.co\/de\/wp-json\/wp\/v2\/product\/1339","targetHints":{"allow":["GET"]}}],"collection":[{"href":"https:\/\/forceline.co\/de\/wp-json\/wp\/v2\/product"}],"about":[{"href":"https:\/\/forceline.co\/de\/wp-json\/wp\/v2\/types\/product"}],"replies":[{"embeddable":true,"href":"https:\/\/forceline.co\/de\/wp-json\/wp\/v2\/comments?post=1339"}],"wp:featuredmedia":[{"embeddable":true,"href":"https:\/\/forceline.co\/de\/wp-json\/wp\/v2\/media\/1661"}],"wp:attachment":[{"href":"https:\/\/forceline.co\/de\/wp-json\/wp\/v2\/media?parent=1339"}],"wp:term":[{"taxonomy":"product_brand","embeddable":true,"href":"https:\/\/forceline.co\/de\/wp-json\/wp\/v2\/product_brand?post=1339"},{"taxonomy":"product_cat","embeddable":true,"href":"https:\/\/forceline.co\/de\/wp-json\/wp\/v2\/product_cat?post=1339"},{"taxonomy":"product_tag","embeddable":true,"href":"https:\/\/forceline.co\/de\/wp-json\/wp\/v2\/product_tag?post=1339"}],"curies":[{"name":"wp","href":"https:\/\/api.w.org\/{rel}","templated":true}]}}