{"id":604,"date":"2025-05-08T17:39:32","date_gmt":"2025-05-08T14:39:32","guid":{"rendered":"https:\/\/forceline.co\/?page_id=604"},"modified":"2025-08-20T11:42:25","modified_gmt":"2025-08-20T08:42:25","slug":"wahlen-sie-ihr-auto","status":"publish","type":"page","link":"https:\/\/forceline.co\/de\/choose-your-car\/","title":{"rendered":"W\u00e4hlen Sie Ihr Auto"},"content":{"rendered":"<div class='breakdance'><section class=\"bde-section-604-113 bde-section\">\n  \n  \n\t\n\n\n\n<div class=\"section-container\"><div class=\"bde-div-604-114 bde-div section-top\">\n  \n  \n\t\n\n\n\n<div class=\"bde-div-604-115 bde-div heading-paragraph\">\n  \n  \n\t\n\n\n\n<div class=\"bde-div-604-116 bde-div\">\n  \n  \n\t\n\n\n\n<div class=\"bde-text-604-117 bde-text\">\nW\u00e4hlen Sie Ihr Auto\n<\/div><h1 class=\"bde-heading-604-118 bde-heading\">\nW\u00e4hlen Sie Ihre Marke\n<\/h1>\n<\/div><div class=\"bde-text-604-119 bde-text\">\nW\u00e4hlen Sie Ihre Automarke aus und entdecken Sie hochwertige Kohlefaserteile, die perfekt passen.<br>\n<\/div>\n<\/div><div class=\"bde-term-loop-604-125 bde-term-loop\"><div class=\"bde-loop bde-loop-grid ee-posts ee-posts-grid\">    <article class=\"bde-loop-item ee-post\">\n        <div class='breakdance'><a class=\"bde-container-link-218-100-218-1 bde-container-link bde-container-link-218-100 breakdance-link\" href=\"https:\/\/forceline.co\/de\/Marke\/bmw\/\" target=\"_self\" data-type=\"url\">\n  \n  \n\t\n\n\n\n<div class=\"bde-div-218-101-218-1 bde-div model-card bde-div-218-101\">\n  \n  \n\t\n\n\n\n<div class=\"bde-div-218-102-218-1 bde-div model-card-img bde-div-218-102\">\n  \n  \n\t\n\n\n\n<img decoding=\"async\" class=\"bde-image2-218-103-218-1 bde-image2 bde-image2-218-103\" src=\"https:\/\/forceline.co\/wp-content\/uploads\/BMW-G82-M4.png\" alt=\"Sporta automa\u0161\u012bna ar modernu dizainu, Nahrin logo.\" loading=\"lazy\" srcset=\"https:\/\/forceline.co\/wp-content\/uploads\/BMW-G82-M4.png 800w, https:\/\/forceline.co\/wp-content\/uploads\/BMW-G82-M4-300x148.png 300w, https:\/\/forceline.co\/wp-content\/uploads\/BMW-G82-M4-768x378.png 768w, https:\/\/forceline.co\/wp-content\/uploads\/BMW-G82-M4-18x9.png 18w, https:\/\/forceline.co\/wp-content\/uploads\/BMW-G82-M4-600x296.png 600w, https:\/\/forceline.co\/wp-content\/uploads\/BMW-G82-M4-64x32.png 64w\" sizes=\"(max-width: 800px) 100vw, 800px\">\n<\/div><div class=\"bde-div-218-104-218-1 bde-div model-card-name bde-div-218-104\">\n  \n  \n\t\n\n\n\n<div class=\"bde-text-218-105-218-1 bde-text bde-text-218-105\">\nBMW\n<\/div>\n<\/div>\n<\/div>\n\n<\/a><\/div>    <\/article>\n    <article class=\"bde-loop-item ee-post\">\n        <div class='breakdance'><a class=\"bde-container-link-218-100-218-2 bde-container-link bde-container-link-218-100 breakdance-link\" href=\"https:\/\/forceline.co\/de\/Marke\/mercedes-benz\/\" target=\"_self\" data-type=\"url\">\n  \n  \n\t\n\n\n\n<div class=\"bde-div-218-101-218-2 bde-div model-card bde-div-218-101\">\n  \n  \n\t\n\n\n\n<div class=\"bde-div-218-102-218-2 bde-div model-card-img bde-div-218-102\">\n  \n  \n\t\n\n\n\n<img decoding=\"async\" class=\"bde-image2-218-103-218-2 bde-image2 bde-image2-218-103\" src=\"https:\/\/forceline.co\/wp-content\/uploads\/MERCEDES-BENZ-G-CLASS.png\" alt=\"Automobi\u013cu rekl\u0101ma ar Nahrin z\u012bmolu un modernu dizainu.\" loading=\"lazy\" srcset=\"https:\/\/forceline.co\/wp-content\/uploads\/MERCEDES-BENZ-G-CLASS.png 800w, https:\/\/forceline.co\/wp-content\/uploads\/MERCEDES-BENZ-G-CLASS-300x148.png 300w, https:\/\/forceline.co\/wp-content\/uploads\/MERCEDES-BENZ-G-CLASS-768x378.png 768w, https:\/\/forceline.co\/wp-content\/uploads\/MERCEDES-BENZ-G-CLASS-18x9.png 18w, https:\/\/forceline.co\/wp-content\/uploads\/MERCEDES-BENZ-G-CLASS-600x296.png 600w, https:\/\/forceline.co\/wp-content\/uploads\/MERCEDES-BENZ-G-CLASS-64x32.png 64w\" sizes=\"(max-width: 800px) 100vw, 800px\">\n<\/div><div class=\"bde-div-218-104-218-2 bde-div model-card-name bde-div-218-104\">\n  \n  \n\t\n\n\n\n<div class=\"bde-text-218-105-218-2 bde-text bde-text-218-105\">\nMercedes-Benz\n<\/div>\n<\/div>\n<\/div>\n\n<\/a><\/div>    <\/article>\n    <article class=\"bde-loop-item ee-post\">\n        <div class='breakdance'><a class=\"bde-container-link-218-100-218-3 bde-container-link bde-container-link-218-100 breakdance-link\" href=\"https:\/\/forceline.co\/de\/Marke\/porsche\/\" target=\"_self\" data-type=\"url\">\n  \n  \n\t\n\n\n\n<div class=\"bde-div-218-101-218-3 bde-div model-card bde-div-218-101\">\n  \n  \n\t\n\n\n\n<div class=\"bde-div-218-102-218-3 bde-div model-card-img bde-div-218-102\">\n  \n  \n\t\n\n\n\n<img decoding=\"async\" class=\"bde-image2-218-103-218-3 bde-image2 bde-image2-218-103\" src=\"https:\/\/forceline.co\/wp-content\/uploads\/Porsche-911.1.png\" alt=\"Auto ar sporta dizainu, moderns sporta auto, luksusa automa\u0161\u012bna.\" loading=\"lazy\" srcset=\"https:\/\/forceline.co\/wp-content\/uploads\/Porsche-911.1.png 800w, https:\/\/forceline.co\/wp-content\/uploads\/Porsche-911.1-300x148.png 300w, https:\/\/forceline.co\/wp-content\/uploads\/Porsche-911.1-768x378.png 768w, https:\/\/forceline.co\/wp-content\/uploads\/Porsche-911.1-18x9.png 18w, https:\/\/forceline.co\/wp-content\/uploads\/Porsche-911.1-600x296.png 600w, https:\/\/forceline.co\/wp-content\/uploads\/Porsche-911.1-64x32.png 64w\" sizes=\"(max-width: 800px) 100vw, 800px\">\n<\/div><div class=\"bde-div-218-104-218-3 bde-div model-card-name bde-div-218-104\">\n  \n  \n\t\n\n\n\n<div class=\"bde-text-218-105-218-3 bde-text bde-text-218-105\">\nPorsche\n<\/div>\n<\/div>\n<\/div>\n\n<\/a><\/div>    <\/article>\n<\/div><\/div>\n<\/div><\/div>\n<\/section><\/div>","protected":false},"excerpt":{"rendered":"<p>W\u00e4hlen Sie Ihr Auto W\u00e4hlen Sie Ihre Marke W\u00e4hlen Sie Ihre Automarke und entdecken Sie hochwertige Carbonfaserteile, die perfekt passen. BMW Mercedes-Benz Porsche<\/p>","protected":false},"author":1,"featured_media":0,"parent":0,"menu_order":0,"comment_status":"closed","ping_status":"closed","template":"","meta":{"_acf_changed":false,"_breakdance_hide_in_design_set":false,"_breakdance_tags":"","footnotes":""},"class_list":["post-604","page","type-page","status-publish","hentry"],"acf":[],"_links":{"self":[{"href":"https:\/\/forceline.co\/de\/wp-json\/wp\/v2\/pages\/604","targetHints":{"allow":["GET"]}}],"collection":[{"href":"https:\/\/forceline.co\/de\/wp-json\/wp\/v2\/pages"}],"about":[{"href":"https:\/\/forceline.co\/de\/wp-json\/wp\/v2\/types\/page"}],"author":[{"embeddable":true,"href":"https:\/\/forceline.co\/de\/wp-json\/wp\/v2\/users\/1"}],"replies":[{"embeddable":true,"href":"https:\/\/forceline.co\/de\/wp-json\/wp\/v2\/comments?post=604"}],"version-history":[{"count":0,"href":"https:\/\/forceline.co\/de\/wp-json\/wp\/v2\/pages\/604\/revisions"}],"wp:attachment":[{"href":"https:\/\/forceline.co\/de\/wp-json\/wp\/v2\/media?parent=604"}],"curies":[{"name":"wp","href":"https:\/\/api.w.org\/{rel}","templated":true}]}}